{"id":381,"date":"2021-08-27T12:02:01","date_gmt":"2021-08-27T12:02:01","guid":{"rendered":"http:\/\/dummy.xtemos.com\/woodmart2\/elementor\/?post_type=product&#038;p=381"},"modified":"2025-05-26T12:35:40","modified_gmt":"2025-05-26T12:35:40","slug":"creme-hydratante-75ml","status":"publish","type":"product","link":"https:\/\/sofiabeauty.fr\/index.php\/produit\/creme-hydratante-75ml\/","title":{"rendered":"Cr\u00e8me hydratante"},"content":{"rendered":"\t\t<div data-elementor-type=\"wp-post\" data-elementor-id=\"381\" class=\"elementor elementor-381\">\n\t\t\t\t<div class=\"wd-negative-gap elementor-element elementor-element-2f0d357 e-flex e-con-boxed e-con e-parent\" data-id=\"2f0d357\" data-element_type=\"container\">\n\t\t\t\t\t<div class=\"e-con-inner\">\n\t\t\t\t<div class=\"elementor-element elementor-element-fbaa851 elementor-widget__width-initial elementor-widget elementor-widget-wd_text_block\" data-id=\"fbaa851\" data-element_type=\"widget\" data-widget_type=\"wd_text_block.default\">\n\t\t\t\t<div class=\"elementor-widget-container\">\n\t\t\t\t\t<div class=\"wd-text-block reset-last-child text-left\">\n\t\t\t\n\t\t\t<h3>LA BEAUTE SAUVERA LE MONDE<\/h3><p>D\u00e9couvrez la quintessence de l'hydratation avec la cr\u00e8me hydratante Sofia Beauty, con\u00e7ue pour r\u00e9v\u00e9ler la splendeur naturelle de votre peau.<\/p><p>Enrichie d'agents hydratants de pointe, cette cr\u00e8me de jour et de nuit travaille en harmonie avec le cycle de r\u00e9g\u00e9n\u00e9ration de votre peau, renfor\u00e7ant la barri\u00e8re hydrolipidique pour une protection optimale contre les \u00e9l\u00e9ments.<\/p><p>Sa formule unique, qui sert \u00e9galement de base de maquillage, assure une tenue impeccable pendant 24 heures, tout en apportant \u00e9clat et douceur.\u00a0<\/p><blockquote><p>\"Sofia Beauty, plus qu'une cr\u00e8me, c'est le secret d'un visage radieux et d'un maquillage qui dure, jour apr\u00e8s jour.\"<\/p><\/blockquote><p>Avec Sofia Beauty, votre peau est non seulement nourrie et prot\u00e9g\u00e9e, mais devient aussi le canevas parfait pour une beaut\u00e9 sans faille.\u00a0<\/p><p>Pr\u00e9parez-vous \u00e0 \u00eatre \u00e9bloui par les surprises que nous vous r\u00e9servons et restez connect\u00e9 pour une exp\u00e9rience de soin in\u00e9gal\u00e9e.<\/p>\n\t\t\t\t\t<\/div>\n\t\t\t\t<\/div>\n\t\t\t\t<\/div>\n\t\t\t\t<div class=\"elementor-element elementor-element-da6c73c elementor-widget__width-initial elementor-widget elementor-widget-wd_image_or_svg\" data-id=\"da6c73c\" data-element_type=\"widget\" data-widget_type=\"wd_image_or_svg.default\">\n\t\t\t\t<div class=\"elementor-widget-container\">\n\t\t\t\n\t\t<div class=\"wd-image text-left\">\n\t\t\t\t\t\t\t\t<img fetchpriority=\"high\" decoding=\"async\" width=\"750\" height=\"373\" src=\"https:\/\/sofiabeauty.fr\/wp-content\/uploads\/2021\/08\/wooden-single-drawer-2-1-1.jpg\" class=\"attachment-full size-full\" alt=\"\" srcset=\"https:\/\/sofiabeauty.fr\/wp-content\/uploads\/2021\/08\/wooden-single-drawer-2-1-1.jpg 750w, https:\/\/sofiabeauty.fr\/wp-content\/uploads\/2021\/08\/wooden-single-drawer-2-1-1-400x199.jpg 400w, https:\/\/sofiabeauty.fr\/wp-content\/uploads\/2021\/08\/wooden-single-drawer-2-1-1-430x214.jpg 430w, https:\/\/sofiabeauty.fr\/wp-content\/uploads\/2021\/08\/wooden-single-drawer-2-1-1-700x348.jpg 700w, https:\/\/sofiabeauty.fr\/wp-content\/uploads\/2021\/08\/wooden-single-drawer-2-1-1-150x75.jpg 150w\" sizes=\"(max-width: 750px) 100vw, 750px\" \/>\t\t\t\t\t<\/div>\n\n\t\t\t\t<\/div>\n\t\t\t\t<\/div>\n\t\t\t\t\t<\/div>\n\t\t\t\t<\/div>\n\t\t\t\t<\/div>\n\t\t","protected":false},"excerpt":{"rendered":"<p style=\"text-align: left;\">D\u00e9couvrez la cr\u00e8me hydratante Sofia Beauty, votre alli\u00e9e incontournable pour une peau resplendissante de sant\u00e9. Con\u00e7ue pour une utilisation de jour comme de nuit, cette cr\u00e8me riche et nourrissante travaille pendant que vous reposez, r\u00e9g\u00e9n\u00e9rant votre peau en profondeur.<\/p>\n<p>Sa formule unique aide \u00e0 maintenir l&rsquo;hydratation essentielle et renforce la barri\u00e8re hydrolipidique de la peau, la prot\u00e9geant ainsi des \u00e9l\u00e9ments ext\u00e9rieurs.<\/p>\n<p>Enrichie d&rsquo;ingr\u00e9dients de haute qualit\u00e9, la cr\u00e8me hydratante Sofia Beauty laisse votre peau \u00e9clatante, douce et parfaitement pr\u00e9par\u00e9e pour une tenue de maquillage impeccable durant 24 heures.<\/p>\n","protected":false},"featured_media":27284,"comment_status":"open","ping_status":"closed","template":"","meta":[],"product_cat":[32],"product_tag":[],"class_list":{"0":"post-381","1":"product","2":"type-product","3":"status-publish","4":"has-post-thumbnail","6":"product_cat-cremes","8":"first","9":"instock","10":"shipping-taxable","11":"purchasable","12":"product-type-simple"},"jetpack_sharing_enabled":true,"_links":{"self":[{"href":"https:\/\/sofiabeauty.fr\/index.php\/wp-json\/wp\/v2\/product\/381","targetHints":{"allow":["GET"]}}],"collection":[{"href":"https:\/\/sofiabeauty.fr\/index.php\/wp-json\/wp\/v2\/product"}],"about":[{"href":"https:\/\/sofiabeauty.fr\/index.php\/wp-json\/wp\/v2\/types\/product"}],"replies":[{"embeddable":true,"href":"https:\/\/sofiabeauty.fr\/index.php\/wp-json\/wp\/v2\/comments?post=381"}],"version-history":[{"count":8,"href":"https:\/\/sofiabeauty.fr\/index.php\/wp-json\/wp\/v2\/product\/381\/revisions"}],"predecessor-version":[{"id":27347,"href":"https:\/\/sofiabeauty.fr\/index.php\/wp-json\/wp\/v2\/product\/381\/revisions\/27347"}],"wp:featuredmedia":[{"embeddable":true,"href":"https:\/\/sofiabeauty.fr\/index.php\/wp-json\/wp\/v2\/media\/27284"}],"wp:attachment":[{"href":"https:\/\/sofiabeauty.fr\/index.php\/wp-json\/wp\/v2\/media?parent=381"}],"wp:term":[{"taxonomy":"product_cat","embeddable":true,"href":"https:\/\/sofiabeauty.fr\/index.php\/wp-json\/wp\/v2\/product_cat?post=381"},{"taxonomy":"product_tag","embeddable":true,"href":"https:\/\/sofiabeauty.fr\/index.php\/wp-json\/wp\/v2\/product_tag?post=381"}],"curies":[{"name":"wp","href":"https:\/\/api.w.org\/{rel}","templated":true}]}}