{"id":27358,"date":"2024-06-16T19:28:17","date_gmt":"2024-06-16T19:28:17","guid":{"rendered":"https:\/\/sofiabeauty.fr\/?post_type=product&#038;p=27358"},"modified":"2026-03-04T13:13:48","modified_gmt":"2026-03-04T13:13:48","slug":"mascara-volume-extreme-water-proof","status":"publish","type":"product","link":"https:\/\/sofiabeauty.fr\/index.php\/produit\/mascara-volume-extreme-water-proof\/","title":{"rendered":"Mascara Volume Extr\u00eame    Water-Proof"},"content":{"rendered":"<p>Mascara Effet Allongeant waterproof , maquillage soins des cils aux prot\u00e9ines de sois longue dur\u00e9e , teste sous contr\u00f4le ophtalmologique<\/p>\n<p class=\"p1\"><b>Mascara<\/b> Effet Cils De Poup\u00e9e \u00b7 Mascara Sofia beauty &amp; Manel Hadli\u00a0 Volume Effet Faux Cils\u00a0 , <b>Mascara Waterproof<\/b> , satisfait ou rembours\u00e9e\u00a0 ..<\/p>\n","protected":false},"excerpt":{"rendered":"<p>Mascara Effet Allongeant waterproof , maquillage soins des cils aux prot\u00e9ines de sois longue dur\u00e9e , teste sous contr\u00f4le ophtalmologique<\/p>\n","protected":false},"featured_media":27359,"comment_status":"open","ping_status":"closed","template":"","meta":[],"product_cat":[42],"product_tag":[],"class_list":{"0":"post-27358","1":"product","2":"type-product","3":"status-publish","4":"has-post-thumbnail","6":"product_cat-maquillage-maquillage","8":"first","9":"instock","10":"shipping-taxable","11":"purchasable","12":"product-type-simple"},"jetpack_sharing_enabled":true,"_links":{"self":[{"href":"https:\/\/sofiabeauty.fr\/index.php\/wp-json\/wp\/v2\/product\/27358","targetHints":{"allow":["GET"]}}],"collection":[{"href":"https:\/\/sofiabeauty.fr\/index.php\/wp-json\/wp\/v2\/product"}],"about":[{"href":"https:\/\/sofiabeauty.fr\/index.php\/wp-json\/wp\/v2\/types\/product"}],"replies":[{"embeddable":true,"href":"https:\/\/sofiabeauty.fr\/index.php\/wp-json\/wp\/v2\/comments?post=27358"}],"version-history":[{"count":1,"href":"https:\/\/sofiabeauty.fr\/index.php\/wp-json\/wp\/v2\/product\/27358\/revisions"}],"predecessor-version":[{"id":27360,"href":"https:\/\/sofiabeauty.fr\/index.php\/wp-json\/wp\/v2\/product\/27358\/revisions\/27360"}],"wp:featuredmedia":[{"embeddable":true,"href":"https:\/\/sofiabeauty.fr\/index.php\/wp-json\/wp\/v2\/media\/27359"}],"wp:attachment":[{"href":"https:\/\/sofiabeauty.fr\/index.php\/wp-json\/wp\/v2\/media?parent=27358"}],"wp:term":[{"taxonomy":"product_cat","embeddable":true,"href":"https:\/\/sofiabeauty.fr\/index.php\/wp-json\/wp\/v2\/product_cat?post=27358"},{"taxonomy":"product_tag","embeddable":true,"href":"https:\/\/sofiabeauty.fr\/index.php\/wp-json\/wp\/v2\/product_tag?post=27358"}],"curies":[{"name":"wp","href":"https:\/\/api.w.org\/{rel}","templated":true}]}}