{"id":27315,"date":"2024-05-04T10:00:08","date_gmt":"2024-05-04T10:00:08","guid":{"rendered":"https:\/\/sofiabeauty.fr\/?post_type=product&#038;p=27315"},"modified":"2025-11-17T05:37:30","modified_gmt":"2025-11-17T05:37:30","slug":"creme-3-en-1","status":"publish","type":"product","link":"https:\/\/sofiabeauty.fr\/index.php\/produit\/creme-3-en-1\/","title":{"rendered":"Cr\u00e8me Extra 3 en 1"},"content":{"rendered":"\t\t<div data-elementor-type=\"wp-post\" data-elementor-id=\"27315\" class=\"elementor elementor-27315\">\n\t\t\t\t<div class=\"wd-negative-gap elementor-element elementor-element-2f0d357 e-flex e-con-boxed e-con e-parent\" data-id=\"2f0d357\" data-element_type=\"container\">\n\t\t\t\t\t<div class=\"e-con-inner\">\n\t\t\t\t<div class=\"elementor-element elementor-element-fbaa851 elementor-widget__width-initial elementor-widget elementor-widget-wd_text_block\" data-id=\"fbaa851\" data-element_type=\"widget\" data-widget_type=\"wd_text_block.default\">\n\t\t\t\t<div class=\"elementor-widget-container\">\n\t\t\t\t\t<div class=\"wd-text-block reset-last-child text-left\">\n\t\t\t\n\t\t\t<h3>LA SAVON MIRACLE<\/h3><p>Sofia Beauty pr\u00e9sente son savon \u00e0 base de curcuma, con\u00e7u sp\u00e9cifiquement pour r\u00e9pondre aux besoins de la jeunesse et des femmes en Alg\u00e9rie.<\/p><p>Le <strong>curcuma<\/strong>, ingr\u00e9dient vedette de notre produit, est reconnu pour ses propri\u00e9t\u00e9s anti-taches. Il agit en douceur sur la peau, favorisant l'\u00e9limination des boutons sous-cutan\u00e9s et la r\u00e9duction des taches brunes, tout en procurant une sensation de douceur et de propret\u00e9.<\/p><p>Nous recommandons de l'utiliser matin et soir pour un nettoyage en profondeur. De plus, notre savon peut \u00eatre employ\u00e9 comme masque hebdomadaire pour maximiser ses bienfaits. Il est essentiel de ne pas interrompre le traitement et de ne pas associer notre savon \u00e0 des produits chimiques, afin de pr\u00e9server l'int\u00e9grit\u00e9 de ses composants naturels et de garantir son efficacit\u00e9.<\/p><blockquote><p>\"D\u00e9couvrez la diff\u00e9rence Sofia Beauty et embrassez une peau radieuse et saine.\"<\/p><\/blockquote><p>Nous sommes fiers de partager avec vous ce tr\u00e9sor de la nature, qui a d\u00e9j\u00e0 conquis le c\u0153ur de nombreuses utilisatrices satisfaites.\u00a0<\/p><p>Notre savon au curcuma est le fruit d'une recherche d\u00e9di\u00e9e \u00e0 la beaut\u00e9 naturelle et au bien-\u00eatre de nos clients<\/p>\n\t\t\t\t\t<\/div>\n\t\t\t\t<\/div>\n\t\t\t\t<\/div>\n\t\t\t\t<div class=\"elementor-element elementor-element-da6c73c elementor-widget__width-initial elementor-widget elementor-widget-wd_image_or_svg\" data-id=\"da6c73c\" data-element_type=\"widget\" data-widget_type=\"wd_image_or_svg.default\">\n\t\t\t\t<div class=\"elementor-widget-container\">\n\t\t\t\n\t\t<div class=\"wd-image text-left\">\n\t\t\t\t\t\t\t\t<img fetchpriority=\"high\" decoding=\"async\" width=\"790\" height=\"790\" src=\"https:\/\/sofiabeauty.fr\/wp-content\/uploads\/2024\/05\/20638640_1394245717279823_6065249677083092895_n.jpg\" class=\"attachment-full size-full\" alt=\"\" srcset=\"https:\/\/sofiabeauty.fr\/wp-content\/uploads\/2024\/05\/20638640_1394245717279823_6065249677083092895_n.jpg 790w, https:\/\/sofiabeauty.fr\/wp-content\/uploads\/2024\/05\/20638640_1394245717279823_6065249677083092895_n-300x300.jpg 300w, https:\/\/sofiabeauty.fr\/wp-content\/uploads\/2024\/05\/20638640_1394245717279823_6065249677083092895_n-150x150.jpg 150w, https:\/\/sofiabeauty.fr\/wp-content\/uploads\/2024\/05\/20638640_1394245717279823_6065249677083092895_n-768x768.jpg 768w, https:\/\/sofiabeauty.fr\/wp-content\/uploads\/2024\/05\/20638640_1394245717279823_6065249677083092895_n-430x430.jpg 430w, https:\/\/sofiabeauty.fr\/wp-content\/uploads\/2024\/05\/20638640_1394245717279823_6065249677083092895_n-700x700.jpg 700w\" sizes=\"(max-width: 790px) 100vw, 790px\" \/>\t\t\t\t\t<\/div>\n\n\t\t\t\t<\/div>\n\t\t\t\t<\/div>\n\t\t\t\t\t<\/div>\n\t\t\t\t<\/div>\n\t\t\t\t<\/div>\n\t\t","protected":false},"excerpt":{"rendered":"<p>Creme 3 en 1<\/p>\n","protected":false},"featured_media":27316,"comment_status":"open","ping_status":"closed","template":"","meta":[],"product_cat":[32],"product_tag":[],"class_list":{"0":"post-27315","1":"product","2":"type-product","3":"status-publish","4":"has-post-thumbnail","6":"product_cat-cremes","8":"first","9":"instock","10":"shipping-taxable","11":"purchasable","12":"product-type-simple"},"jetpack_sharing_enabled":true,"_links":{"self":[{"href":"https:\/\/sofiabeauty.fr\/index.php\/wp-json\/wp\/v2\/product\/27315","targetHints":{"allow":["GET"]}}],"collection":[{"href":"https:\/\/sofiabeauty.fr\/index.php\/wp-json\/wp\/v2\/product"}],"about":[{"href":"https:\/\/sofiabeauty.fr\/index.php\/wp-json\/wp\/v2\/types\/product"}],"replies":[{"embeddable":true,"href":"https:\/\/sofiabeauty.fr\/index.php\/wp-json\/wp\/v2\/comments?post=27315"}],"version-history":[{"count":2,"href":"https:\/\/sofiabeauty.fr\/index.php\/wp-json\/wp\/v2\/product\/27315\/revisions"}],"predecessor-version":[{"id":27331,"href":"https:\/\/sofiabeauty.fr\/index.php\/wp-json\/wp\/v2\/product\/27315\/revisions\/27331"}],"wp:featuredmedia":[{"embeddable":true,"href":"https:\/\/sofiabeauty.fr\/index.php\/wp-json\/wp\/v2\/media\/27316"}],"wp:attachment":[{"href":"https:\/\/sofiabeauty.fr\/index.php\/wp-json\/wp\/v2\/media?parent=27315"}],"wp:term":[{"taxonomy":"product_cat","embeddable":true,"href":"https:\/\/sofiabeauty.fr\/index.php\/wp-json\/wp\/v2\/product_cat?post=27315"},{"taxonomy":"product_tag","embeddable":true,"href":"https:\/\/sofiabeauty.fr\/index.php\/wp-json\/wp\/v2\/product_tag?post=27315"}],"curies":[{"name":"wp","href":"https:\/\/api.w.org\/{rel}","templated":true}]}}